{"id":11,"date":"2015-10-08T23:12:35","date_gmt":"2015-10-08T23:12:35","guid":{"rendered":"http:\/\/theme-fusion.com\/avada\/forum\/?page_id=11"},"modified":"2022-07-24T01:32:12","modified_gmt":"2022-07-24T01:32:12","slug":"hajj-2023","status":"publish","type":"page","link":"https:\/\/hidayah.com.br\/index.php\/hajj-2023\/","title":{"rendered":"Hajj 2023"},"content":{"rendered":"\t\t<div data-elementor-type=\"wp-page\" data-elementor-id=\"11\" class=\"elementor elementor-11\" data-elementor-post-type=\"page\">\n\t\t\t\t\t\t<section class=\"elementor-section elementor-top-section elementor-element elementor-element-23c9f4f elementor-section-boxed elementor-section-height-default elementor-section-height-default\" data-id=\"23c9f4f\" data-element_type=\"section\" data-e-type=\"section\">\n\t\t\t\t\t\t<div class=\"elementor-container elementor-column-gap-default\">\n\t\t\t\t\t<div class=\"elementor-column elementor-col-100 elementor-top-column elementor-element elementor-element-9f188b8\" data-id=\"9f188b8\" data-element_type=\"column\" data-e-type=\"column\">\n\t\t\t<div class=\"elementor-widget-wrap elementor-element-populated\">\n\t\t\t\t\t\t<div class=\"elementor-element elementor-element-96e2165 elementor-widget elementor-widget-spacer\" data-id=\"96e2165\" data-element_type=\"widget\" data-e-type=\"widget\" data-widget_type=\"spacer.default\">\n\t\t\t\t<div class=\"elementor-widget-container\">\n\t\t\t\t\t\t\t<div class=\"elementor-spacer\">\n\t\t\t<div class=\"elementor-spacer-inner\"><\/div>\n\t\t<\/div>\n\t\t\t\t\t\t<\/div>\n\t\t\t\t<\/div>\n\t\t\t\t\t<\/div>\n\t\t<\/div>\n\t\t\t\t\t<\/div>\n\t\t<\/section>\n\t\t\t\t<section class=\"elementor-section elementor-top-section elementor-element elementor-element-b34aa82 elementor-section-boxed elementor-section-height-default elementor-section-height-default\" data-id=\"b34aa82\" data-element_type=\"section\" data-e-type=\"section\">\n\t\t\t\t\t\t<div class=\"elementor-container elementor-column-gap-default\">\n\t\t\t\t\t<div class=\"elementor-column elementor-col-100 elementor-top-column elementor-element elementor-element-fc0b2d5\" data-id=\"fc0b2d5\" data-element_type=\"column\" data-e-type=\"column\">\n\t\t\t<div class=\"elementor-widget-wrap elementor-element-populated\">\n\t\t\t\t\t\t<div class=\"elementor-element elementor-element-5813eaa elementor-align-start elementor-mobile-align-center elementor-icon-list--layout-traditional elementor-list-item-link-full_width elementor-widget elementor-widget-icon-list\" data-id=\"5813eaa\" data-element_type=\"widget\" data-e-type=\"widget\" data-widget_type=\"icon-list.default\">\n\t\t\t\t<div class=\"elementor-widget-container\">\n\t\t\t\t\t\t\t<ul class=\"elementor-icon-list-items\">\n\t\t\t\t\t\t\t<li class=\"elementor-icon-list-item\">\n\t\t\t\t\t\t\t\t\t\t\t<span class=\"elementor-icon-list-icon\">\n\t\t\t\t\t\t\t<i aria-hidden=\"true\" class=\"fas fa-info-circle\"><\/i>\t\t\t\t\t\t<\/span>\n\t\t\t\t\t\t\t\t\t\t<span class=\"elementor-icon-list-text\">Os pacotes do Hajj 2023 ainda n\u00e3o est\u00e3o conclu\u00eddos. Atualizaremos esta p\u00e1gina assim que os pacotes estiverem finalizados.<\/span>\n\t\t\t\t\t\t\t\t\t<\/li>\n\t\t\t\t\t\t<\/ul>\n\t\t\t\t\t\t<\/div>\n\t\t\t\t<\/div>\n\t\t\t\t\t<\/div>\n\t\t<\/div>\n\t\t\t\t\t<\/div>\n\t\t<\/section>\n\t\t\t\t<section class=\"elementor-section elementor-top-section elementor-element elementor-element-4f3754d elementor-section-boxed elementor-section-height-default elementor-section-height-default\" data-id=\"4f3754d\" data-element_type=\"section\" data-e-type=\"section\">\n\t\t\t\t\t\t<div class=\"elementor-container elementor-column-gap-default\">\n\t\t\t\t\t<div class=\"elementor-column elementor-col-100 elementor-top-column elementor-element elementor-element-131c8ec\" data-id=\"131c8ec\" data-element_type=\"column\" data-e-type=\"column\">\n\t\t\t<div class=\"elementor-widget-wrap elementor-element-populated\">\n\t\t\t\t\t\t<div class=\"elementor-element elementor-element-d07cad1 elementor-widget elementor-widget-spacer\" data-id=\"d07cad1\" data-element_type=\"widget\" data-e-type=\"widget\" data-widget_type=\"spacer.default\">\n\t\t\t\t<div class=\"elementor-widget-container\">\n\t\t\t\t\t\t\t<div class=\"elementor-spacer\">\n\t\t\t<div class=\"elementor-spacer-inner\"><\/div>\n\t\t<\/div>\n\t\t\t\t\t\t<\/div>\n\t\t\t\t<\/div>\n\t\t\t\t\t<\/div>\n\t\t<\/div>\n\t\t\t\t\t<\/div>\n\t\t<\/section>\n\t\t\t\t<\/div>\n\t\t","protected":false},"excerpt":{"rendered":"<p>Os pacotes do Hajj 2023 ainda n\u00e3o est\u00e3o conclu\u00eddos. Atualizaremos esta p\u00e1gina assim que os pacotes estiverem finalizados.<\/p>\n","protected":false},"author":1,"featured_media":0,"parent":0,"menu_order":0,"comment_status":"closed","ping_status":"closed","template":"","meta":{"footnotes":""},"class_list":["post-11","page","type-page","status-publish","hentry"],"yoast_head":"<!-- This site is optimized with the Yoast SEO plugin v26.8 - https:\/\/yoast.com\/product\/yoast-seo-wordpress\/ -->\n<title>Hajj 2023 - Alhidaya para Hajj e Umrah - Brasil<\/title>\n<meta name=\"description\" content=\"Hajj 2023 -\" \/>\n<meta name=\"robots\" content=\"index, follow, max-snippet:-1, max-image-preview:large, max-video-preview:-1\" \/>\n<link rel=\"canonical\" href=\"http:\/\/hidayah.com.br\/index.php\/hajj-2023\/\" \/>\n<meta property=\"og:locale\" content=\"pt_BR\" \/>\n<meta property=\"og:type\" content=\"article\" \/>\n<meta property=\"og:title\" content=\"Hajj 2020\" \/>\n<meta property=\"og:description\" content=\"A empresa Alhidaya anuncia o in\u00edcio das inscri\u00e7\u00f5es para o Hajj de 2020. O Hajj desse ano inclui todas as necessidades do peregrino. Entre elas est\u00e3o: passagem a\u00e9rea + 2 refei\u00e7\u00f5es di\u00e1rias + transportes + hot\u00e9is + visto do Hajj.\" \/>\n<meta property=\"og:url\" content=\"http:\/\/hidayah.com.br\/index.php\/hajj-2023\/\" \/>\n<meta property=\"og:site_name\" content=\"Alhidayah\" \/>\n<meta property=\"article:modified_time\" content=\"2022-07-24T01:32:12+00:00\" \/>\n<meta name=\"twitter:card\" content=\"summary_large_image\" \/>\n<script type=\"application\/ld+json\" class=\"yoast-schema-graph\">{\"@context\":\"https:\/\/schema.org\",\"@graph\":[{\"@type\":\"WebPage\",\"@id\":\"http:\/\/hidayah.com.br\/index.php\/hajj-2023\/\",\"url\":\"http:\/\/hidayah.com.br\/index.php\/hajj-2023\/\",\"name\":\"Hajj 2023 - Alhidaya para Hajj e Umrah - Brasil\",\"isPartOf\":{\"@id\":\"https:\/\/hidayah.com.br\/#website\"},\"datePublished\":\"2015-10-08T23:12:35+00:00\",\"dateModified\":\"2022-07-24T01:32:12+00:00\",\"description\":\"Hajj 2023 -\",\"breadcrumb\":{\"@id\":\"http:\/\/hidayah.com.br\/index.php\/hajj-2023\/#breadcrumb\"},\"inLanguage\":\"pt-BR\",\"potentialAction\":[{\"@type\":\"ReadAction\",\"target\":[\"http:\/\/hidayah.com.br\/index.php\/hajj-2023\/\"]}]},{\"@type\":\"BreadcrumbList\",\"@id\":\"http:\/\/hidayah.com.br\/index.php\/hajj-2023\/#breadcrumb\",\"itemListElement\":[{\"@type\":\"ListItem\",\"position\":1,\"name\":\"Home\",\"item\":\"https:\/\/hidayah.com.br\/\"},{\"@type\":\"ListItem\",\"position\":2,\"name\":\"Hajj 2023\"}]},{\"@type\":\"WebSite\",\"@id\":\"https:\/\/hidayah.com.br\/#website\",\"url\":\"https:\/\/hidayah.com.br\/\",\"name\":\"Alhidayah\",\"description\":\"for Hajj and Umrah\",\"potentialAction\":[{\"@type\":\"SearchAction\",\"target\":{\"@type\":\"EntryPoint\",\"urlTemplate\":\"https:\/\/hidayah.com.br\/?s={search_term_string}\"},\"query-input\":{\"@type\":\"PropertyValueSpecification\",\"valueRequired\":true,\"valueName\":\"search_term_string\"}}],\"inLanguage\":\"pt-BR\"}]}<\/script>\n<!-- \/ Yoast SEO plugin. -->","yoast_head_json":{"title":"Hajj 2023 - Alhidaya para Hajj e Umrah - Brasil","description":"Hajj 2023 -","robots":{"index":"index","follow":"follow","max-snippet":"max-snippet:-1","max-image-preview":"max-image-preview:large","max-video-preview":"max-video-preview:-1"},"canonical":"http:\/\/hidayah.com.br\/index.php\/hajj-2023\/","og_locale":"pt_BR","og_type":"article","og_title":"Hajj 2020","og_description":"A empresa Alhidaya anuncia o in\u00edcio das inscri\u00e7\u00f5es para o Hajj de 2020. O Hajj desse ano inclui todas as necessidades do peregrino. Entre elas est\u00e3o: passagem a\u00e9rea + 2 refei\u00e7\u00f5es di\u00e1rias + transportes + hot\u00e9is + visto do Hajj.","og_url":"http:\/\/hidayah.com.br\/index.php\/hajj-2023\/","og_site_name":"Alhidayah","article_modified_time":"2022-07-24T01:32:12+00:00","twitter_card":"summary_large_image","schema":{"@context":"https:\/\/schema.org","@graph":[{"@type":"WebPage","@id":"http:\/\/hidayah.com.br\/index.php\/hajj-2023\/","url":"http:\/\/hidayah.com.br\/index.php\/hajj-2023\/","name":"Hajj 2023 - Alhidaya para Hajj e Umrah - Brasil","isPartOf":{"@id":"https:\/\/hidayah.com.br\/#website"},"datePublished":"2015-10-08T23:12:35+00:00","dateModified":"2022-07-24T01:32:12+00:00","description":"Hajj 2023 -","breadcrumb":{"@id":"http:\/\/hidayah.com.br\/index.php\/hajj-2023\/#breadcrumb"},"inLanguage":"pt-BR","potentialAction":[{"@type":"ReadAction","target":["http:\/\/hidayah.com.br\/index.php\/hajj-2023\/"]}]},{"@type":"BreadcrumbList","@id":"http:\/\/hidayah.com.br\/index.php\/hajj-2023\/#breadcrumb","itemListElement":[{"@type":"ListItem","position":1,"name":"Home","item":"https:\/\/hidayah.com.br\/"},{"@type":"ListItem","position":2,"name":"Hajj 2023"}]},{"@type":"WebSite","@id":"https:\/\/hidayah.com.br\/#website","url":"https:\/\/hidayah.com.br\/","name":"Alhidayah","description":"for Hajj and Umrah","potentialAction":[{"@type":"SearchAction","target":{"@type":"EntryPoint","urlTemplate":"https:\/\/hidayah.com.br\/?s={search_term_string}"},"query-input":{"@type":"PropertyValueSpecification","valueRequired":true,"valueName":"search_term_string"}}],"inLanguage":"pt-BR"}]}},"_links":{"self":[{"href":"https:\/\/hidayah.com.br\/index.php\/wp-json\/wp\/v2\/pages\/11","targetHints":{"allow":["GET"]}}],"collection":[{"href":"https:\/\/hidayah.com.br\/index.php\/wp-json\/wp\/v2\/pages"}],"about":[{"href":"https:\/\/hidayah.com.br\/index.php\/wp-json\/wp\/v2\/types\/page"}],"author":[{"embeddable":true,"href":"https:\/\/hidayah.com.br\/index.php\/wp-json\/wp\/v2\/users\/1"}],"replies":[{"embeddable":true,"href":"https:\/\/hidayah.com.br\/index.php\/wp-json\/wp\/v2\/comments?post=11"}],"version-history":[{"count":90,"href":"https:\/\/hidayah.com.br\/index.php\/wp-json\/wp\/v2\/pages\/11\/revisions"}],"predecessor-version":[{"id":3238,"href":"https:\/\/hidayah.com.br\/index.php\/wp-json\/wp\/v2\/pages\/11\/revisions\/3238"}],"wp:attachment":[{"href":"https:\/\/hidayah.com.br\/index.php\/wp-json\/wp\/v2\/media?parent=11"}],"curies":[{"name":"wp","href":"https:\/\/api.w.org\/{rel}","templated":true}]}}